{"id":88,"date":"2023-07-10T23:30:24","date_gmt":"2023-07-11T02:30:24","guid":{"rendered":"https:\/\/josianefalco.com\/?page_id=88"},"modified":"2024-07-01T21:32:33","modified_gmt":"2024-07-02T00:32:33","slug":"__trashed-6","status":"publish","type":"page","link":"https:\/\/josianefalco.com\/index.php\/__trashed-6\/","title":{"rendered":"Revis\u00e3o Tribut\u00e1ria"},"content":{"rendered":"\t\t<div data-elementor-type=\"wp-page\" data-elementor-id=\"88\" class=\"elementor elementor-88\">\n\t\t\t\t<div class=\"elementor-element elementor-element-95cb2db e-flex e-con-boxed wpr-particle-no wpr-jarallax-no wpr-parallax-no wpr-sticky-section-no e-con e-parent\" data-id=\"95cb2db\" data-element_type=\"container\" data-settings=\"{&quot;background_background&quot;:&quot;classic&quot;}\">\n\t\t\t\t\t<div class=\"e-con-inner\">\n\t\t<div class=\"elementor-element elementor-element-d48872a e-con-full e-flex wpr-particle-no wpr-jarallax-no wpr-parallax-no wpr-sticky-section-no e-con e-child\" data-id=\"d48872a\" data-element_type=\"container\" data-settings=\"{&quot;background_background&quot;:&quot;classic&quot;}\">\n\t\t\t\t<div class=\"elementor-element elementor-element-43089df elementor-widget elementor-widget-heading\" data-id=\"43089df\" data-element_type=\"widget\" data-widget_type=\"heading.default\">\n\t\t\t\t<div class=\"elementor-widget-container\">\n\t\t\t<style>\/*! elementor - v3.22.0 - 26-06-2024 *\/\n.elementor-heading-title{padding:0;margin:0;line-height:1}.elementor-widget-heading .elementor-heading-title[class*=elementor-size-]>a{color:inherit;font-size:inherit;line-height:inherit}.elementor-widget-heading .elementor-heading-title.elementor-size-small{font-size:15px}.elementor-widget-heading .elementor-heading-title.elementor-size-medium{font-size:19px}.elementor-widget-heading .elementor-heading-title.elementor-size-large{font-size:29px}.elementor-widget-heading .elementor-heading-title.elementor-size-xl{font-size:39px}.elementor-widget-heading .elementor-heading-title.elementor-size-xxl{font-size:59px}<\/style><h2 class=\"elementor-heading-title elementor-size-default\">Revis\u00e3o Tribut\u00e1ria<\/h2>\t\t<\/div>\n\t\t\t\t<\/div>\n\t\t\t\t<\/div>\n\t\t\t\t\t<\/div>\n\t\t\t\t<\/div>\n\t\t<div class=\"elementor-element elementor-element-229807b e-flex e-con-boxed wpr-particle-no wpr-jarallax-no wpr-parallax-no wpr-sticky-section-no e-con e-parent\" data-id=\"229807b\" data-element_type=\"container\">\n\t\t\t\t\t<div class=\"e-con-inner\">\n\t\t<div class=\"elementor-element elementor-element-2315490 e-flex e-con-boxed wpr-particle-no wpr-jarallax-no wpr-parallax-no wpr-sticky-section-no e-con e-child\" data-id=\"2315490\" data-element_type=\"container\">\n\t\t\t\t\t<div class=\"e-con-inner\">\n\t\t\t\t<div class=\"elementor-element elementor-element-3c17744 elementor-widget elementor-widget-text-editor\" data-id=\"3c17744\" data-element_type=\"widget\" data-widget_type=\"text-editor.default\">\n\t\t\t\t<div class=\"elementor-widget-container\">\n\t\t\t<style>\/*! elementor - v3.22.0 - 26-06-2024 *\/\n.elementor-widget-text-editor.elementor-drop-cap-view-stacked .elementor-drop-cap{background-color:#69727d;color:#fff}.elementor-widget-text-editor.elementor-drop-cap-view-framed .elementor-drop-cap{color:#69727d;border:3px solid;background-color:transparent}.elementor-widget-text-editor:not(.elementor-drop-cap-view-default) .elementor-drop-cap{margin-top:8px}.elementor-widget-text-editor:not(.elementor-drop-cap-view-default) .elementor-drop-cap-letter{width:1em;height:1em}.elementor-widget-text-editor .elementor-drop-cap{float:left;text-align:center;line-height:1;font-size:50px}.elementor-widget-text-editor .elementor-drop-cap-letter{display:inline-block}<\/style>\t\t\t\t<p>N\u00e3o \u00e9 novidade que muitas empresas e contribuintes pagam impostos al\u00e9m do que \u00e9 realmente devido, seja por interpreta\u00e7\u00f5es err\u00f4neas da legisla\u00e7\u00e3o tribut\u00e1ria, c\u00e1lculos incorretos, desconhecimento de benef\u00edcios e incentivos fiscais e at\u00e9 mesmo por for\u00e7a de mudan\u00e7as de entendimento da Autoridades Fazend\u00e1rias, tribunais administrativos e do pr\u00f3prio judici\u00e1rio.<\/p>\n<p><b>Nossa equipe de especialistas em direito tribut\u00e1rio, sempre atualizada, oferece servi\u00e7os de revis\u00e3o tribut\u00e1ria, visando identificar e recuperar os valores pagos indevidamente ou a maior, garantindo o respeito aos seus direitos e a maximiza\u00e7\u00e3o do seu patrim\u00f4nio.<\/b><\/p>\t\t\t\t\t\t<\/div>\n\t\t\t\t<\/div>\n\t\t\t\t<div class=\"elementor-element elementor-element-65c23cf elementor-widget elementor-widget-text-editor\" data-id=\"65c23cf\" data-element_type=\"widget\" data-widget_type=\"text-editor.default\">\n\t\t\t\t<div class=\"elementor-widget-container\">\n\t\t\t\t\t\t\t<p>Nossos servi\u00e7os de revis\u00e3o tribut\u00e1ria incluem:<\/p><p>\u00a0<\/p><ul><li>An\u00e1lise minuciosa dos procedimentos fiscais e cont\u00e1beis adotados pela empresa.<\/li><li>Identifica\u00e7\u00e3o de poss\u00edveis interpreta\u00e7\u00f5es distorcidas da legisla\u00e7\u00e3o tribut\u00e1ria.<\/li><li>Confronto da apura\u00e7\u00e3o de tributos dos \u00faltimos 5 anos com as mudan\u00e7as de entendimentos das Autoridades Fazend\u00e1rias, atualiza\u00e7\u00e3o de normas e novos posicionamentos dos Tribunais Administrativos e do Poder Judici\u00e1rio.<\/li><li>Quantifica\u00e7\u00e3o de oportunidades de recupera\u00e7\u00e3o de tributos pagos a maior ou indevidamente.<\/li><li>Elabora\u00e7\u00e3o de parecer t\u00e9cnico embasado nas normas e jurisprud\u00eancia atualizadas.<\/li><li>Implementa\u00e7\u00e3o de oportunidades, retifica\u00e7\u00e3o de declara\u00e7\u00f5es e informa\u00e7\u00f5es fiscais.<\/li><li>Apresenta\u00e7\u00e3o de requerimentos administrativos para solicita\u00e7\u00e3o de restitui\u00e7\u00e3o ou compensa\u00e7\u00e3o de valores.<\/li><li>Acompanhamento e representa\u00e7\u00e3o junto aos \u00f3rg\u00e3os fiscais durante o processo de revis\u00e3o e recupera\u00e7\u00e3o tribut\u00e1ria.<\/li><\/ul>\t\t\t\t\t\t<\/div>\n\t\t\t\t<\/div>\n\t\t<div class=\"elementor-element elementor-element-233205a e-flex e-con-boxed wpr-particle-no wpr-jarallax-no wpr-parallax-no wpr-sticky-section-no e-con e-child\" data-id=\"233205a\" data-element_type=\"container\">\n\t\t\t\t\t<div class=\"e-con-inner\">\n\t\t\t\t<div class=\"elementor-element elementor-element-2b90b24 elementor-widget elementor-widget-text-editor\" data-id=\"2b90b24\" data-element_type=\"widget\" data-widget_type=\"text-editor.default\">\n\t\t\t\t<div class=\"elementor-widget-container\">\n\t\t\t\t\t\t\t<p>Nossa equipe de Advogados e Consultores est\u00e1 preparada para atuar em diferentes esferas tribut\u00e1rias, incluindo impostos federais, estaduais e municipais. Conte com o apoio de Especialistas para lidar com os aspectos complexos do sistema tribut\u00e1rio, com todo o suporte em cada etapa do processo de revis\u00e3o tribut\u00e1ria.<\/p>\t\t\t\t\t\t<\/div>\n\t\t\t\t<\/div>\n\t\t\t\t\t<\/div>\n\t\t\t\t<\/div>\n\t\t\t\t<div class=\"elementor-element elementor-element-a4a959f elementor-widget elementor-widget-text-editor\" data-id=\"a4a959f\" data-element_type=\"widget\" data-widget_type=\"text-editor.default\">\n\t\t\t\t<div class=\"elementor-widget-container\">\n\t\t\t\t\t\t\t<p>Entre em contato conosco para receber informa\u00e7\u00f5es detalhadas sobre Revis\u00e3o Tribut\u00e1ria e sobre a possibilidade de recuperar os valores que s\u00e3o de direito da sua empresa.<\/p>\t\t\t\t\t\t<\/div>\n\t\t\t\t<\/div>\n\t\t\t\t<div class=\"elementor-element elementor-element-2f4cb9d elementor-align-center elementor-widget elementor-widget-button\" data-id=\"2f4cb9d\" data-element_type=\"widget\" data-widget_type=\"button.default\">\n\t\t\t\t<div class=\"elementor-widget-container\">\n\t\t\t\t\t<div class=\"elementor-button-wrapper\">\n\t\t\t<a class=\"elementor-button elementor-button-link elementor-size-sm\" href=\"http:\/\/wa.me\/5511947807737\">\n\t\t\t\t\t\t<span class=\"elementor-button-content-wrapper\">\n\t\t\t\t\t\t<span class=\"elementor-button-icon\">\n\t\t\t\t<i aria-hidden=\"true\" class=\"fab fa-whatsapp\"><\/i>\t\t\t<\/span>\n\t\t\t\t\t\t\t\t\t<span class=\"elementor-button-text\">Clique aqui e saiba mais!<\/span>\n\t\t\t\t\t<\/span>\n\t\t\t\t\t<\/a>\n\t\t<\/div>\n\t\t\t\t<\/div>\n\t\t\t\t<\/div>\n\t\t\t\t\t<\/div>\n\t\t\t\t<\/div>\n\t\t\t\t\t<\/div>\n\t\t\t\t<\/div>\n\t\t\t\t<\/div>\n\t\t","protected":false},"excerpt":{"rendered":"<p>Revis\u00e3o Tribut\u00e1ria N\u00e3o \u00e9 novidade que muitas empresas e contribuintes pagam impostos al\u00e9m do que \u00e9 realmente devido, seja por interpreta\u00e7\u00f5es err\u00f4neas da legisla\u00e7\u00e3o tribut\u00e1ria, c\u00e1lculos incorretos, desconhecimento de benef\u00edcios e incentivos fiscais e at\u00e9 mesmo por for\u00e7a de mudan\u00e7as de entendimento da Autoridades Fazend\u00e1rias, tribunais administrativos e do pr\u00f3prio judici\u00e1rio. Nossa equipe de especialistas em direito tribut\u00e1rio, sempre atualizada, oferece servi\u00e7os de revis\u00e3o tribut\u00e1ria, visando identificar e recuperar os valores pagos indevidamente ou a maior, garantindo o respeito aos seus direitos e a maximiza\u00e7\u00e3o do seu patrim\u00f4nio. Nossos servi\u00e7os de revis\u00e3o tribut\u00e1ria incluem: \u00a0 An\u00e1lise minuciosa dos procedimentos fiscais e cont\u00e1beis adotados pela empresa. Identifica\u00e7\u00e3o de poss\u00edveis interpreta\u00e7\u00f5es distorcidas da legisla\u00e7\u00e3o tribut\u00e1ria. Confronto da apura\u00e7\u00e3o de tributos dos \u00faltimos 5 anos com as mudan\u00e7as de entendimentos das Autoridades Fazend\u00e1rias, atualiza\u00e7\u00e3o de normas e novos posicionamentos dos Tribunais Administrativos e do Poder Judici\u00e1rio. Quantifica\u00e7\u00e3o de oportunidades de recupera\u00e7\u00e3o de tributos pagos a maior ou indevidamente. Elabora\u00e7\u00e3o de parecer t\u00e9cnico embasado nas normas e jurisprud\u00eancia atualizadas. Implementa\u00e7\u00e3o de oportunidades, retifica\u00e7\u00e3o de declara\u00e7\u00f5es e informa\u00e7\u00f5es fiscais. Apresenta\u00e7\u00e3o de requerimentos administrativos para solicita\u00e7\u00e3o de restitui\u00e7\u00e3o ou compensa\u00e7\u00e3o de valores. Acompanhamento e representa\u00e7\u00e3o junto aos \u00f3rg\u00e3os fiscais durante o processo de revis\u00e3o e recupera\u00e7\u00e3o tribut\u00e1ria. Nossa equipe de Advogados e Consultores est\u00e1 preparada para atuar em diferentes esferas tribut\u00e1rias, incluindo impostos federais, estaduais e municipais. Conte com o apoio de Especialistas para lidar com os aspectos complexos do sistema tribut\u00e1rio, com todo o suporte em cada etapa do processo de revis\u00e3o tribut\u00e1ria. Entre em contato conosco para receber informa\u00e7\u00f5es detalhadas sobre Revis\u00e3o Tribut\u00e1ria e sobre a possibilidade de recuperar os valores que s\u00e3o de direito da sua empresa. Clique aqui e saiba mais!<\/p>\n","protected":false},"author":1,"featured_media":0,"parent":0,"menu_order":0,"comment_status":"closed","ping_status":"closed","template":"","meta":{"_joinchat":[]},"_links":{"self":[{"href":"https:\/\/josianefalco.com\/index.php\/wp-json\/wp\/v2\/pages\/88"}],"collection":[{"href":"https:\/\/josianefalco.com\/index.php\/wp-json\/wp\/v2\/pages"}],"about":[{"href":"https:\/\/josianefalco.com\/index.php\/wp-json\/wp\/v2\/types\/page"}],"author":[{"embeddable":true,"href":"https:\/\/josianefalco.com\/index.php\/wp-json\/wp\/v2\/users\/1"}],"replies":[{"embeddable":true,"href":"https:\/\/josianefalco.com\/index.php\/wp-json\/wp\/v2\/comments?post=88"}],"version-history":[{"count":35,"href":"https:\/\/josianefalco.com\/index.php\/wp-json\/wp\/v2\/pages\/88\/revisions"}],"predecessor-version":[{"id":1088,"href":"https:\/\/josianefalco.com\/index.php\/wp-json\/wp\/v2\/pages\/88\/revisions\/1088"}],"wp:attachment":[{"href":"https:\/\/josianefalco.com\/index.php\/wp-json\/wp\/v2\/media?parent=88"}],"curies":[{"name":"wp","href":"https:\/\/api.w.org\/{rel}","templated":true}]}}