{"id":820,"date":"2023-07-23T12:58:37","date_gmt":"2023-07-23T15:58:37","guid":{"rendered":"https:\/\/josianefalco.com\/?page_id=820"},"modified":"2024-07-01T21:38:39","modified_gmt":"2024-07-02T00:38:39","slug":"contencioso-administrativo","status":"publish","type":"page","link":"https:\/\/josianefalco.com\/index.php\/contencioso-administrativo\/","title":{"rendered":"Contencioso Administrativo"},"content":{"rendered":"\t\t<div data-elementor-type=\"wp-page\" data-elementor-id=\"820\" class=\"elementor elementor-820\">\n\t\t\t\t<div class=\"elementor-element elementor-element-95cb2db e-flex e-con-boxed wpr-particle-no wpr-jarallax-no wpr-parallax-no wpr-sticky-section-no e-con e-parent\" data-id=\"95cb2db\" data-element_type=\"container\" data-settings=\"{&quot;background_background&quot;:&quot;classic&quot;}\">\n\t\t\t\t\t<div class=\"e-con-inner\">\n\t\t<div class=\"elementor-element elementor-element-d48872a e-con-full e-flex wpr-particle-no wpr-jarallax-no wpr-parallax-no wpr-sticky-section-no e-con e-child\" data-id=\"d48872a\" data-element_type=\"container\" data-settings=\"{&quot;background_background&quot;:&quot;classic&quot;}\">\n\t\t\t\t<div class=\"elementor-element elementor-element-43089df elementor-widget elementor-widget-heading\" data-id=\"43089df\" data-element_type=\"widget\" data-widget_type=\"heading.default\">\n\t\t\t\t<div class=\"elementor-widget-container\">\n\t\t\t<style>\/*! elementor - v3.22.0 - 26-06-2024 *\/\n.elementor-heading-title{padding:0;margin:0;line-height:1}.elementor-widget-heading .elementor-heading-title[class*=elementor-size-]>a{color:inherit;font-size:inherit;line-height:inherit}.elementor-widget-heading .elementor-heading-title.elementor-size-small{font-size:15px}.elementor-widget-heading .elementor-heading-title.elementor-size-medium{font-size:19px}.elementor-widget-heading .elementor-heading-title.elementor-size-large{font-size:29px}.elementor-widget-heading .elementor-heading-title.elementor-size-xl{font-size:39px}.elementor-widget-heading .elementor-heading-title.elementor-size-xxl{font-size:59px}<\/style><h2 class=\"elementor-heading-title elementor-size-default\">Contencioso Administrativo<\/h2>\t\t<\/div>\n\t\t\t\t<\/div>\n\t\t\t\t<\/div>\n\t\t\t\t\t<\/div>\n\t\t\t\t<\/div>\n\t\t<div class=\"elementor-element elementor-element-229807b e-flex e-con-boxed wpr-particle-no wpr-jarallax-no wpr-parallax-no wpr-sticky-section-no e-con e-parent\" data-id=\"229807b\" data-element_type=\"container\">\n\t\t\t\t\t<div class=\"e-con-inner\">\n\t\t<div class=\"elementor-element elementor-element-2315490 e-flex e-con-boxed wpr-particle-no wpr-jarallax-no wpr-parallax-no wpr-sticky-section-no e-con e-child\" data-id=\"2315490\" data-element_type=\"container\">\n\t\t\t\t\t<div class=\"e-con-inner\">\n\t\t\t\t<div class=\"elementor-element elementor-element-3c17744 elementor-widget elementor-widget-text-editor\" data-id=\"3c17744\" data-element_type=\"widget\" data-widget_type=\"text-editor.default\">\n\t\t\t\t<div class=\"elementor-widget-container\">\n\t\t\t<style>\/*! elementor - v3.22.0 - 26-06-2024 *\/\n.elementor-widget-text-editor.elementor-drop-cap-view-stacked .elementor-drop-cap{background-color:#69727d;color:#fff}.elementor-widget-text-editor.elementor-drop-cap-view-framed .elementor-drop-cap{color:#69727d;border:3px solid;background-color:transparent}.elementor-widget-text-editor:not(.elementor-drop-cap-view-default) .elementor-drop-cap{margin-top:8px}.elementor-widget-text-editor:not(.elementor-drop-cap-view-default) .elementor-drop-cap-letter{width:1em;height:1em}.elementor-widget-text-editor .elementor-drop-cap{float:left;text-align:center;line-height:1;font-size:50px}.elementor-widget-text-editor .elementor-drop-cap-letter{display:inline-block}<\/style>\t\t\t\t<p>Com uma equipe de Advogados e Consultores Especializados, atuamos no atendimento contencioso administrativo, proporcionando suporte abrangente desde os procedimentos de fiscaliza\u00e7\u00e3o at\u00e9 a defesa em autua\u00e7\u00e3o tribut\u00e1ria.<\/p><p>Com uma equipe experiente em direito tribut\u00e1rio, estamos preparados para orientar, instruir e representar nossos clientes em quest\u00f5es fiscais perante os \u00f3rg\u00e3os administrativos.<\/p>\t\t\t\t\t\t<\/div>\n\t\t\t\t<\/div>\n\t\t\t\t<div class=\"elementor-element elementor-element-65c23cf elementor-widget elementor-widget-text-editor\" data-id=\"65c23cf\" data-element_type=\"widget\" data-widget_type=\"text-editor.default\">\n\t\t\t\t<div class=\"elementor-widget-container\">\n\t\t\t\t\t\t\t<p>Nossos servi\u00e7os de contencioso administrativo incluem:<\/p><ul><li>Acompanhamento de fiscaliza\u00e7\u00f5es tribut\u00e1rias: suporte durante todo o processo de fiscaliza\u00e7\u00e3o, auxiliando na organiza\u00e7\u00e3o e prepara\u00e7\u00e3o de documentos, e fornecendo orienta\u00e7\u00f5es na presta\u00e7\u00e3o de informa\u00e7\u00f5es para evitar autua\u00e7\u00f5es ou instruir eventual defesa administrativa.<\/li><li>Instru\u00e7\u00e3o de defesas administrativas: Com base na an\u00e1lise multidisciplinar minuciosa do seu caso, elaboraremos defesas t\u00e9cnicas consistentes, embasadas de forma t\u00e9cnica na parte fiscal\/cont\u00e1bil, e com s\u00f3lidos fundamentos jur\u00eddicos, visando proteger os direitos de nossos clientes.<\/li><li>Elabora\u00e7\u00e3o de recursos e atua\u00e7\u00e3o em Tribunais Administrativos: Caso haja a necessidade de interposi\u00e7\u00e3o de recursos administrativos, contamos com uma equipe de especialistas na elabora\u00e7\u00e3o de recursos fundamentados e estrategicamente planejados, com o objetivo de reverter ou reduzir as autua\u00e7\u00f5es fiscais.<\/li><\/ul>\t\t\t\t\t\t<\/div>\n\t\t\t\t<\/div>\n\t\t<div class=\"elementor-element elementor-element-233205a e-flex e-con-boxed wpr-particle-no wpr-jarallax-no wpr-parallax-no wpr-sticky-section-no e-con e-child\" data-id=\"233205a\" data-element_type=\"container\">\n\t\t\t\t\t<div class=\"e-con-inner\">\n\t\t\t\t<div class=\"elementor-element elementor-element-2b90b24 elementor-widget elementor-widget-text-editor\" data-id=\"2b90b24\" data-element_type=\"widget\" data-widget_type=\"text-editor.default\">\n\t\t\t\t<div class=\"elementor-widget-container\">\n\t\t\t\t\t\t\t<p>Nosso compromisso \u00e9 oferecer uma defesa s\u00f3lida e eficiente, utilizando a uni\u00e3o da pr\u00e1tica fiscal e cont\u00e1bil e o conhecimento t\u00e9cnico em direito tribut\u00e1rio para afastar e\/ou reduzir autos de infra\u00e7\u00e3o e proteger seus direitos.<\/p><p><b>Estamos familiarizados com os procedimentos e tr\u00e2mites dos \u00f3rg\u00e3os administrativos, bem como com a jurisprud\u00eancia atualizada, garantindo uma atua\u00e7\u00e3o estrat\u00e9gica em cada etapa do processo.<\/b><\/p>\t\t\t\t\t\t<\/div>\n\t\t\t\t<\/div>\n\t\t\t\t\t<\/div>\n\t\t\t\t<\/div>\n\t\t\t\t<div class=\"elementor-element elementor-element-a4a959f elementor-widget elementor-widget-text-editor\" data-id=\"a4a959f\" data-element_type=\"widget\" data-widget_type=\"text-editor.default\">\n\t\t\t\t<div class=\"elementor-widget-container\">\n\t\t\t\t\t\t\t<p>Entre em contato conosco para obter mais informa\u00e7\u00f5es sobre nossos servi\u00e7os e como uma assessoria especializada pode defender seus interesses perante os \u00f3rg\u00e3os administrativos.<\/p>\t\t\t\t\t\t<\/div>\n\t\t\t\t<\/div>\n\t\t\t\t<div class=\"elementor-element elementor-element-2f4cb9d elementor-align-center elementor-widget elementor-widget-button\" data-id=\"2f4cb9d\" data-element_type=\"widget\" data-widget_type=\"button.default\">\n\t\t\t\t<div class=\"elementor-widget-container\">\n\t\t\t\t\t<div class=\"elementor-button-wrapper\">\n\t\t\t<a class=\"elementor-button elementor-button-link elementor-size-sm\" href=\"http:\/\/wa.me\/5511947807737\">\n\t\t\t\t\t\t<span class=\"elementor-button-content-wrapper\">\n\t\t\t\t\t\t<span class=\"elementor-button-icon\">\n\t\t\t\t<i aria-hidden=\"true\" class=\"fab fa-whatsapp\"><\/i>\t\t\t<\/span>\n\t\t\t\t\t\t\t\t\t<span class=\"elementor-button-text\">Clique aqui e saiba mais!<\/span>\n\t\t\t\t\t<\/span>\n\t\t\t\t\t<\/a>\n\t\t<\/div>\n\t\t\t\t<\/div>\n\t\t\t\t<\/div>\n\t\t\t\t\t<\/div>\n\t\t\t\t<\/div>\n\t\t\t\t\t<\/div>\n\t\t\t\t<\/div>\n\t\t\t\t<\/div>\n\t\t","protected":false},"excerpt":{"rendered":"<p>Contencioso Administrativo Com uma equipe de Advogados e Consultores Especializados, atuamos no atendimento contencioso administrativo, proporcionando suporte abrangente desde os procedimentos de fiscaliza\u00e7\u00e3o at\u00e9 a defesa em autua\u00e7\u00e3o tribut\u00e1ria. Com uma equipe experiente em direito tribut\u00e1rio, estamos preparados para orientar, instruir e representar nossos clientes em quest\u00f5es fiscais perante os \u00f3rg\u00e3os administrativos. Nossos servi\u00e7os de contencioso administrativo incluem: Acompanhamento de fiscaliza\u00e7\u00f5es tribut\u00e1rias: suporte durante todo o processo de fiscaliza\u00e7\u00e3o, auxiliando na organiza\u00e7\u00e3o e prepara\u00e7\u00e3o de documentos, e fornecendo orienta\u00e7\u00f5es na presta\u00e7\u00e3o de informa\u00e7\u00f5es para evitar autua\u00e7\u00f5es ou instruir eventual defesa administrativa. Instru\u00e7\u00e3o de defesas administrativas: Com base na an\u00e1lise multidisciplinar minuciosa do seu caso, elaboraremos defesas t\u00e9cnicas consistentes, embasadas de forma t\u00e9cnica na parte fiscal\/cont\u00e1bil, e com s\u00f3lidos fundamentos jur\u00eddicos, visando proteger os direitos de nossos clientes. Elabora\u00e7\u00e3o de recursos e atua\u00e7\u00e3o em Tribunais Administrativos: Caso haja a necessidade de interposi\u00e7\u00e3o de recursos administrativos, contamos com uma equipe de especialistas na elabora\u00e7\u00e3o de recursos fundamentados e estrategicamente planejados, com o objetivo de reverter ou reduzir as autua\u00e7\u00f5es fiscais. Nosso compromisso \u00e9 oferecer uma defesa s\u00f3lida e eficiente, utilizando a uni\u00e3o da pr\u00e1tica fiscal e cont\u00e1bil e o conhecimento t\u00e9cnico em direito tribut\u00e1rio para afastar e\/ou reduzir autos de infra\u00e7\u00e3o e proteger seus direitos. Estamos familiarizados com os procedimentos e tr\u00e2mites dos \u00f3rg\u00e3os administrativos, bem como com a jurisprud\u00eancia atualizada, garantindo uma atua\u00e7\u00e3o estrat\u00e9gica em cada etapa do processo. Entre em contato conosco para obter mais informa\u00e7\u00f5es sobre nossos servi\u00e7os e como uma assessoria especializada pode defender seus interesses perante os \u00f3rg\u00e3os administrativos. Clique aqui e saiba mais!<\/p>\n","protected":false},"author":1,"featured_media":0,"parent":0,"menu_order":0,"comment_status":"closed","ping_status":"closed","template":"","meta":{"_joinchat":[]},"_links":{"self":[{"href":"https:\/\/josianefalco.com\/index.php\/wp-json\/wp\/v2\/pages\/820"}],"collection":[{"href":"https:\/\/josianefalco.com\/index.php\/wp-json\/wp\/v2\/pages"}],"about":[{"href":"https:\/\/josianefalco.com\/index.php\/wp-json\/wp\/v2\/types\/page"}],"author":[{"embeddable":true,"href":"https:\/\/josianefalco.com\/index.php\/wp-json\/wp\/v2\/users\/1"}],"replies":[{"embeddable":true,"href":"https:\/\/josianefalco.com\/index.php\/wp-json\/wp\/v2\/comments?post=820"}],"version-history":[{"count":13,"href":"https:\/\/josianefalco.com\/index.php\/wp-json\/wp\/v2\/pages\/820\/revisions"}],"predecessor-version":[{"id":1100,"href":"https:\/\/josianefalco.com\/index.php\/wp-json\/wp\/v2\/pages\/820\/revisions\/1100"}],"wp:attachment":[{"href":"https:\/\/josianefalco.com\/index.php\/wp-json\/wp\/v2\/media?parent=820"}],"curies":[{"name":"wp","href":"https:\/\/api.w.org\/{rel}","templated":true}]}}