{"id":811,"date":"2023-07-23T12:55:19","date_gmt":"2023-07-23T15:55:19","guid":{"rendered":"https:\/\/josianefalco.com\/?page_id=811"},"modified":"2024-07-01T21:40:18","modified_gmt":"2024-07-02T00:40:18","slug":"consultoria-tributaria","status":"publish","type":"page","link":"https:\/\/josianefalco.com\/index.php\/consultoria-tributaria\/","title":{"rendered":"Consultoria Tribut\u00e1ria"},"content":{"rendered":"\t\t<div data-elementor-type=\"wp-page\" data-elementor-id=\"811\" class=\"elementor elementor-811\">\n\t\t\t\t<div class=\"elementor-element elementor-element-95cb2db e-flex e-con-boxed wpr-particle-no wpr-jarallax-no wpr-parallax-no wpr-sticky-section-no e-con e-parent\" data-id=\"95cb2db\" data-element_type=\"container\" data-settings=\"{&quot;background_background&quot;:&quot;classic&quot;}\">\n\t\t\t\t\t<div class=\"e-con-inner\">\n\t\t<div class=\"elementor-element elementor-element-d48872a e-con-full e-flex wpr-particle-no wpr-jarallax-no wpr-parallax-no wpr-sticky-section-no e-con e-child\" data-id=\"d48872a\" data-element_type=\"container\" data-settings=\"{&quot;background_background&quot;:&quot;classic&quot;}\">\n\t\t\t\t<div class=\"elementor-element elementor-element-43089df elementor-widget elementor-widget-heading\" data-id=\"43089df\" data-element_type=\"widget\" data-widget_type=\"heading.default\">\n\t\t\t\t<div class=\"elementor-widget-container\">\n\t\t\t<style>\/*! elementor - v3.22.0 - 26-06-2024 *\/\n.elementor-heading-title{padding:0;margin:0;line-height:1}.elementor-widget-heading .elementor-heading-title[class*=elementor-size-]>a{color:inherit;font-size:inherit;line-height:inherit}.elementor-widget-heading .elementor-heading-title.elementor-size-small{font-size:15px}.elementor-widget-heading .elementor-heading-title.elementor-size-medium{font-size:19px}.elementor-widget-heading .elementor-heading-title.elementor-size-large{font-size:29px}.elementor-widget-heading .elementor-heading-title.elementor-size-xl{font-size:39px}.elementor-widget-heading .elementor-heading-title.elementor-size-xxl{font-size:59px}<\/style><h2 class=\"elementor-heading-title elementor-size-default\">Consultoria Tribut\u00e1ria<\/h2>\t\t<\/div>\n\t\t\t\t<\/div>\n\t\t\t\t<\/div>\n\t\t\t\t\t<\/div>\n\t\t\t\t<\/div>\n\t\t<div class=\"elementor-element elementor-element-229807b e-flex e-con-boxed wpr-particle-no wpr-jarallax-no wpr-parallax-no wpr-sticky-section-no e-con e-parent\" data-id=\"229807b\" data-element_type=\"container\">\n\t\t\t\t\t<div class=\"e-con-inner\">\n\t\t<div class=\"elementor-element elementor-element-2315490 e-flex e-con-boxed wpr-particle-no wpr-jarallax-no wpr-parallax-no wpr-sticky-section-no e-con e-child\" data-id=\"2315490\" data-element_type=\"container\">\n\t\t\t\t\t<div class=\"e-con-inner\">\n\t\t\t\t<div class=\"elementor-element elementor-element-3c17744 elementor-widget elementor-widget-text-editor\" data-id=\"3c17744\" data-element_type=\"widget\" data-widget_type=\"text-editor.default\">\n\t\t\t\t<div class=\"elementor-widget-container\">\n\t\t\t<style>\/*! elementor - v3.22.0 - 26-06-2024 *\/\n.elementor-widget-text-editor.elementor-drop-cap-view-stacked .elementor-drop-cap{background-color:#69727d;color:#fff}.elementor-widget-text-editor.elementor-drop-cap-view-framed .elementor-drop-cap{color:#69727d;border:3px solid;background-color:transparent}.elementor-widget-text-editor:not(.elementor-drop-cap-view-default) .elementor-drop-cap{margin-top:8px}.elementor-widget-text-editor:not(.elementor-drop-cap-view-default) .elementor-drop-cap-letter{width:1em;height:1em}.elementor-widget-text-editor .elementor-drop-cap{float:left;text-align:center;line-height:1;font-size:50px}.elementor-widget-text-editor .elementor-drop-cap-letter{display:inline-block}<\/style>\t\t\t\t<p>Lidar com as complexidades do sistema tribut\u00e1rio pode ser desafiador e demandar um conhecimento especializado.<\/p><p><b>Nossa consultoria tribut\u00e1ria oferece um servi\u00e7o completo de acompanhamento e apoio para esclarecer desde quest\u00f5es complexas, at\u00e9 d\u00favidas do dia a dia, proporcionando seguran\u00e7a e orienta\u00e7\u00e3o quanto a quest\u00f5es fiscais e cont\u00e1beis decorrentes das opera\u00e7\u00f5es empresariais.<\/b><\/p>\t\t\t\t\t\t<\/div>\n\t\t\t\t<\/div>\n\t\t\t\t<div class=\"elementor-element elementor-element-65c23cf elementor-widget elementor-widget-text-editor\" data-id=\"65c23cf\" data-element_type=\"widget\" data-widget_type=\"text-editor.default\">\n\t\t\t\t<div class=\"elementor-widget-container\">\n\t\t\t\t\t\t\t<p>Com um time de Advogados e Consultores Especialistas, oferecemos suporte cont\u00ednuo em diversas \u00e1reas, incluindo:<\/p><ul><li>Orienta\u00e7\u00f5es sobre a interpreta\u00e7\u00e3o e aplica\u00e7\u00e3o da legisla\u00e7\u00e3o tribut\u00e1ria em vigor.<\/li><li>An\u00e1lise e orienta\u00e7\u00e3o sobre obriga\u00e7\u00f5es fiscais e procedimentos cont\u00e1beis.<\/li><li>Esclarecimento de d\u00favidas relacionadas a impostos federais, estaduais e municipais.<\/li><li>An\u00e1lise de documentos fiscais, identificando eventuais erros ou inconsist\u00eancias.<\/li><li>Acompanhamento das mudan\u00e7as na legisla\u00e7\u00e3o tribut\u00e1ria e suas consequ\u00eancias para o seu neg\u00f3cio.<\/li><li>Recomenda\u00e7\u00f5es para otimiza\u00e7\u00e3o da carga tribut\u00e1ria e identifica\u00e7\u00e3o de oportunidades de benef\u00edcios fiscais.<\/li><li>Libera\u00e7\u00e3o, manuten\u00e7\u00e3o e renova\u00e7\u00e3o de Certid\u00e3o de Regularidade Fiscal (CND\/CPEN).<\/li><\/ul>\t\t\t\t\t\t<\/div>\n\t\t\t\t<\/div>\n\t\t<div class=\"elementor-element elementor-element-233205a e-flex e-con-boxed wpr-particle-no wpr-jarallax-no wpr-parallax-no wpr-sticky-section-no e-con e-child\" data-id=\"233205a\" data-element_type=\"container\">\n\t\t\t\t\t<div class=\"e-con-inner\">\n\t\t\t\t<div class=\"elementor-element elementor-element-2b90b24 elementor-widget elementor-widget-text-editor\" data-id=\"2b90b24\" data-element_type=\"widget\" data-widget_type=\"text-editor.default\">\n\t\t\t\t<div class=\"elementor-widget-container\">\n\t\t\t\t\t\t\t<p>Lidar com as complexidades do sistema tribut\u00e1rio pode ser desafiador e demandar um conhecimento especializado.<\/p><p>Nossa consultoria tribut\u00e1ria oferece um servi\u00e7o completo de acompanhamento e apoio para esclarecer desde quest\u00f5es complexas, at\u00e9 d\u00favidas do dia a dia, proporcionando seguran\u00e7a e orienta\u00e7\u00e3o quanto a quest\u00f5es fiscais e cont\u00e1beis decorrentes das opera\u00e7\u00f5es empresariais.<\/p><p>Nosso objetivo \u00e9 fornecer respostas e direcionamentos claros e objetivos envolvendo d\u00favidas tribut\u00e1rias, permitindo a tomada de decis\u00f5es conscientes e equilibradas para evitar problemas futuros.<\/p><p><b>Valorizamos a constru\u00e7\u00e3o de um relacionamento de confian\u00e7a com nossos clientes, estando sempre dispon\u00edveis para auxili\u00e1-los no entendimento e cumprimento das obriga\u00e7\u00f5es fiscais, desemprenhando papel de parceiro estrat\u00e9gico de neg\u00f3cios e opera\u00e7\u00f5es empresariais.<\/b><\/p>\t\t\t\t\t\t<\/div>\n\t\t\t\t<\/div>\n\t\t\t\t\t<\/div>\n\t\t\t\t<\/div>\n\t\t\t\t<div class=\"elementor-element elementor-element-a4a959f elementor-widget elementor-widget-text-editor\" data-id=\"a4a959f\" data-element_type=\"widget\" data-widget_type=\"text-editor.default\">\n\t\t\t\t<div class=\"elementor-widget-container\">\n\t\t\t\t\t\t\t<p>Entre em contato para saber mais sobre como uma Consultoria Tribut\u00e1ria especializada pode obter tranquilidade e conformidade na gest\u00e3o dos aspectos tribut\u00e1rios do seu neg\u00f3cio.<\/p>\t\t\t\t\t\t<\/div>\n\t\t\t\t<\/div>\n\t\t\t\t<div class=\"elementor-element elementor-element-2f4cb9d elementor-align-center elementor-widget elementor-widget-button\" data-id=\"2f4cb9d\" data-element_type=\"widget\" data-widget_type=\"button.default\">\n\t\t\t\t<div class=\"elementor-widget-container\">\n\t\t\t\t\t<div class=\"elementor-button-wrapper\">\n\t\t\t<a class=\"elementor-button elementor-button-link elementor-size-sm\" href=\"http:\/\/wa.me\/5511947807737\">\n\t\t\t\t\t\t<span class=\"elementor-button-content-wrapper\">\n\t\t\t\t\t\t<span class=\"elementor-button-icon\">\n\t\t\t\t<i aria-hidden=\"true\" class=\"fab fa-whatsapp\"><\/i>\t\t\t<\/span>\n\t\t\t\t\t\t\t\t\t<span class=\"elementor-button-text\">Clique aqui e saiba mais!<\/span>\n\t\t\t\t\t<\/span>\n\t\t\t\t\t<\/a>\n\t\t<\/div>\n\t\t\t\t<\/div>\n\t\t\t\t<\/div>\n\t\t\t\t\t<\/div>\n\t\t\t\t<\/div>\n\t\t\t\t\t<\/div>\n\t\t\t\t<\/div>\n\t\t\t\t<\/div>\n\t\t","protected":false},"excerpt":{"rendered":"<p>Consultoria Tribut\u00e1ria Lidar com as complexidades do sistema tribut\u00e1rio pode ser desafiador e demandar um conhecimento especializado. Nossa consultoria tribut\u00e1ria oferece um servi\u00e7o completo de acompanhamento e apoio para esclarecer desde quest\u00f5es complexas, at\u00e9 d\u00favidas do dia a dia, proporcionando seguran\u00e7a e orienta\u00e7\u00e3o quanto a quest\u00f5es fiscais e cont\u00e1beis decorrentes das opera\u00e7\u00f5es empresariais. Com um time de Advogados e Consultores Especialistas, oferecemos suporte cont\u00ednuo em diversas \u00e1reas, incluindo: Orienta\u00e7\u00f5es sobre a interpreta\u00e7\u00e3o e aplica\u00e7\u00e3o da legisla\u00e7\u00e3o tribut\u00e1ria em vigor. An\u00e1lise e orienta\u00e7\u00e3o sobre obriga\u00e7\u00f5es fiscais e procedimentos cont\u00e1beis. Esclarecimento de d\u00favidas relacionadas a impostos federais, estaduais e municipais. An\u00e1lise de documentos fiscais, identificando eventuais erros ou inconsist\u00eancias. Acompanhamento das mudan\u00e7as na legisla\u00e7\u00e3o tribut\u00e1ria e suas consequ\u00eancias para o seu neg\u00f3cio. Recomenda\u00e7\u00f5es para otimiza\u00e7\u00e3o da carga tribut\u00e1ria e identifica\u00e7\u00e3o de oportunidades de benef\u00edcios fiscais. Libera\u00e7\u00e3o, manuten\u00e7\u00e3o e renova\u00e7\u00e3o de Certid\u00e3o de Regularidade Fiscal (CND\/CPEN). Lidar com as complexidades do sistema tribut\u00e1rio pode ser desafiador e demandar um conhecimento especializado. Nossa consultoria tribut\u00e1ria oferece um servi\u00e7o completo de acompanhamento e apoio para esclarecer desde quest\u00f5es complexas, at\u00e9 d\u00favidas do dia a dia, proporcionando seguran\u00e7a e orienta\u00e7\u00e3o quanto a quest\u00f5es fiscais e cont\u00e1beis decorrentes das opera\u00e7\u00f5es empresariais. Nosso objetivo \u00e9 fornecer respostas e direcionamentos claros e objetivos envolvendo d\u00favidas tribut\u00e1rias, permitindo a tomada de decis\u00f5es conscientes e equilibradas para evitar problemas futuros. Valorizamos a constru\u00e7\u00e3o de um relacionamento de confian\u00e7a com nossos clientes, estando sempre dispon\u00edveis para auxili\u00e1-los no entendimento e cumprimento das obriga\u00e7\u00f5es fiscais, desemprenhando papel de parceiro estrat\u00e9gico de neg\u00f3cios e opera\u00e7\u00f5es empresariais. Entre em contato para saber mais sobre como uma Consultoria Tribut\u00e1ria especializada pode obter tranquilidade e conformidade na gest\u00e3o dos aspectos tribut\u00e1rios do seu neg\u00f3cio. Clique aqui e saiba mais!<\/p>\n","protected":false},"author":1,"featured_media":0,"parent":0,"menu_order":0,"comment_status":"closed","ping_status":"closed","template":"","meta":{"_joinchat":[]},"_links":{"self":[{"href":"https:\/\/josianefalco.com\/index.php\/wp-json\/wp\/v2\/pages\/811"}],"collection":[{"href":"https:\/\/josianefalco.com\/index.php\/wp-json\/wp\/v2\/pages"}],"about":[{"href":"https:\/\/josianefalco.com\/index.php\/wp-json\/wp\/v2\/types\/page"}],"author":[{"embeddable":true,"href":"https:\/\/josianefalco.com\/index.php\/wp-json\/wp\/v2\/users\/1"}],"replies":[{"embeddable":true,"href":"https:\/\/josianefalco.com\/index.php\/wp-json\/wp\/v2\/comments?post=811"}],"version-history":[{"count":13,"href":"https:\/\/josianefalco.com\/index.php\/wp-json\/wp\/v2\/pages\/811\/revisions"}],"predecessor-version":[{"id":1103,"href":"https:\/\/josianefalco.com\/index.php\/wp-json\/wp\/v2\/pages\/811\/revisions\/1103"}],"wp:attachment":[{"href":"https:\/\/josianefalco.com\/index.php\/wp-json\/wp\/v2\/media?parent=811"}],"curies":[{"name":"wp","href":"https:\/\/api.w.org\/{rel}","templated":true}]}}