{"id":801,"date":"2023-07-23T12:49:08","date_gmt":"2023-07-23T15:49:08","guid":{"rendered":"https:\/\/josianefalco.com\/?page_id=801"},"modified":"2024-07-01T21:27:37","modified_gmt":"2024-07-02T00:27:37","slug":"planejamento-tributario","status":"publish","type":"page","link":"https:\/\/josianefalco.com\/index.php\/planejamento-tributario\/","title":{"rendered":"Planejamento Tribut\u00e1rio"},"content":{"rendered":"\t\t<div data-elementor-type=\"wp-page\" data-elementor-id=\"801\" class=\"elementor elementor-801\">\n\t\t\t\t<div class=\"elementor-element elementor-element-95cb2db e-flex e-con-boxed wpr-particle-no wpr-jarallax-no wpr-parallax-no wpr-sticky-section-no e-con e-parent\" data-id=\"95cb2db\" data-element_type=\"container\" data-settings=\"{&quot;background_background&quot;:&quot;classic&quot;}\">\n\t\t\t\t\t<div class=\"e-con-inner\">\n\t\t<div class=\"elementor-element elementor-element-d48872a e-con-full e-flex wpr-particle-no wpr-jarallax-no wpr-parallax-no wpr-sticky-section-no e-con e-child\" data-id=\"d48872a\" data-element_type=\"container\" data-settings=\"{&quot;background_background&quot;:&quot;classic&quot;}\">\n\t\t\t\t<div class=\"elementor-element elementor-element-43089df elementor-widget elementor-widget-heading\" data-id=\"43089df\" data-element_type=\"widget\" data-widget_type=\"heading.default\">\n\t\t\t\t<div class=\"elementor-widget-container\">\n\t\t\t<style>\/*! elementor - v3.22.0 - 26-06-2024 *\/\n.elementor-heading-title{padding:0;margin:0;line-height:1}.elementor-widget-heading .elementor-heading-title[class*=elementor-size-]>a{color:inherit;font-size:inherit;line-height:inherit}.elementor-widget-heading .elementor-heading-title.elementor-size-small{font-size:15px}.elementor-widget-heading .elementor-heading-title.elementor-size-medium{font-size:19px}.elementor-widget-heading .elementor-heading-title.elementor-size-large{font-size:29px}.elementor-widget-heading .elementor-heading-title.elementor-size-xl{font-size:39px}.elementor-widget-heading .elementor-heading-title.elementor-size-xxl{font-size:59px}<\/style><h2 class=\"elementor-heading-title elementor-size-default\">Planejamento Tribut\u00e1rio<\/h2>\t\t<\/div>\n\t\t\t\t<\/div>\n\t\t\t\t<\/div>\n\t\t\t\t\t<\/div>\n\t\t\t\t<\/div>\n\t\t<div class=\"elementor-element elementor-element-229807b e-flex e-con-boxed wpr-particle-no wpr-jarallax-no wpr-parallax-no wpr-sticky-section-no e-con e-parent\" data-id=\"229807b\" data-element_type=\"container\">\n\t\t\t\t\t<div class=\"e-con-inner\">\n\t\t<div class=\"elementor-element elementor-element-2315490 e-flex e-con-boxed wpr-particle-no wpr-jarallax-no wpr-parallax-no wpr-sticky-section-no e-con e-child\" data-id=\"2315490\" data-element_type=\"container\">\n\t\t\t\t\t<div class=\"e-con-inner\">\n\t\t\t\t<div class=\"elementor-element elementor-element-3c17744 elementor-widget elementor-widget-text-editor\" data-id=\"3c17744\" data-element_type=\"widget\" data-widget_type=\"text-editor.default\">\n\t\t\t\t<div class=\"elementor-widget-container\">\n\t\t\t<style>\/*! elementor - v3.22.0 - 26-06-2024 *\/\n.elementor-widget-text-editor.elementor-drop-cap-view-stacked .elementor-drop-cap{background-color:#69727d;color:#fff}.elementor-widget-text-editor.elementor-drop-cap-view-framed .elementor-drop-cap{color:#69727d;border:3px solid;background-color:transparent}.elementor-widget-text-editor:not(.elementor-drop-cap-view-default) .elementor-drop-cap{margin-top:8px}.elementor-widget-text-editor:not(.elementor-drop-cap-view-default) .elementor-drop-cap-letter{width:1em;height:1em}.elementor-widget-text-editor .elementor-drop-cap{float:left;text-align:center;line-height:1;font-size:50px}.elementor-widget-text-editor .elementor-drop-cap-letter{display:inline-block}<\/style>\t\t\t\t<p>O planejamento tribut\u00e1rio \u00e9 uma ferramenta fundamental para empresas que desejam minimizar sua carga tribut\u00e1ria de forma legal e estrat\u00e9gica, maximizar seus resultados e alcan\u00e7ar uma efici\u00eancia financeira.<\/p><p>A partir de an\u00e1lise personalizada das opera\u00e7\u00f5es, atividades, documentos fiscais e tributa\u00e7\u00e3o de produtos e servi\u00e7os \u00e9 poss\u00edvel identificar solu\u00e7\u00f5es personalizadas para voc\u00ea ter certeza de que a sua empresa est\u00e1 pagando a menor carga tribut\u00e1ria poss\u00edvel dentro dos limites da lei, levando em considera\u00e7\u00e3o as particularidades do seu neg\u00f3cio.<\/p><p><b>Analisamos cuidadosamente a legisla\u00e7\u00e3o vigente, identificamos oportunidades de economia fiscal e recomendamos a melhor estrutura tribut\u00e1ria para otimizar os resultados financeiros da sua empresa. Al\u00e9m disso, acompanhamos as mudan\u00e7as legislativas e atualizamos constantemente o planejamento tribut\u00e1rio, garantindo conformidade e seguran\u00e7a para o seu neg\u00f3cio.<\/b><\/p>\t\t\t\t\t\t<\/div>\n\t\t\t\t<\/div>\n\t\t\t\t<div class=\"elementor-element elementor-element-65c23cf elementor-widget elementor-widget-text-editor\" data-id=\"65c23cf\" data-element_type=\"widget\" data-widget_type=\"text-editor.default\">\n\t\t\t\t<div class=\"elementor-widget-container\">\n\t\t\t\t\t\t\t<p>Nossos servi\u00e7os de planejamento tribut\u00e1rio incluem:<\/p><ul><li>An\u00e1lise da estrutura atual de impostos e identifica\u00e7\u00e3o de poss\u00edveis otimiza\u00e7\u00f5es.<\/li><li>Avalia\u00e7\u00e3o de regimes tribut\u00e1rios mais favor\u00e1veis, como Simples Nacional, Lucro Real e Lucro Presumido.<\/li><li>Identifica\u00e7\u00e3o de incentivos fiscais e regimes especiais aplic\u00e1veis ao seu setor de atua\u00e7\u00e3o.<\/li><li>Elabora\u00e7\u00e3o de estrat\u00e9gias para redu\u00e7\u00e3o de carga tribut\u00e1ria de forma legal e segura.<\/li><li>Assessoria na implementa\u00e7\u00e3o das medidas de planejamento tribut\u00e1rio e na manuten\u00e7\u00e3o das solu\u00e7\u00f5es aplicadas.<\/li><\/ul>\t\t\t\t\t\t<\/div>\n\t\t\t\t<\/div>\n\t\t\t\t<div class=\"elementor-element elementor-element-a4a959f elementor-widget elementor-widget-text-editor\" data-id=\"a4a959f\" data-element_type=\"widget\" data-widget_type=\"text-editor.default\">\n\t\t\t\t<div class=\"elementor-widget-container\">\n\t\t\t\t\t\t\t<p>Conte com a experi\u00eancia e conhecimento de um Especialista em direito tribut\u00e1rio para desenvolver um planejamento tribut\u00e1rio s\u00f3lido, que contribua para o crescimento e sucesso do seu neg\u00f3cio.<\/p>\t\t\t\t\t\t<\/div>\n\t\t\t\t<\/div>\n\t\t\t\t<div class=\"elementor-element elementor-element-2f4cb9d elementor-align-center elementor-widget elementor-widget-button\" data-id=\"2f4cb9d\" data-element_type=\"widget\" data-widget_type=\"button.default\">\n\t\t\t\t<div class=\"elementor-widget-container\">\n\t\t\t\t\t<div class=\"elementor-button-wrapper\">\n\t\t\t<a class=\"elementor-button elementor-button-link elementor-size-sm\" href=\"http:\/\/wa.me\/5511947807737\">\n\t\t\t\t\t\t<span class=\"elementor-button-content-wrapper\">\n\t\t\t\t\t\t<span class=\"elementor-button-icon\">\n\t\t\t\t<i aria-hidden=\"true\" class=\"fab fa-whatsapp\"><\/i>\t\t\t<\/span>\n\t\t\t\t\t\t\t\t\t<span class=\"elementor-button-text\">Clique aqui e saiba mais!<\/span>\n\t\t\t\t\t<\/span>\n\t\t\t\t\t<\/a>\n\t\t<\/div>\n\t\t\t\t<\/div>\n\t\t\t\t<\/div>\n\t\t\t\t\t<\/div>\n\t\t\t\t<\/div>\n\t\t\t\t\t<\/div>\n\t\t\t\t<\/div>\n\t\t\t\t<section class=\"elementor-section elementor-top-section elementor-element elementor-element-1f165999 elementor-section-height-min-height elementor-hidden-desktop elementor-hidden-tablet elementor-hidden-mobile elementor-section-boxed elementor-section-height-default elementor-section-items-middle wpr-particle-no wpr-jarallax-no wpr-parallax-no wpr-sticky-section-no\" data-id=\"1f165999\" data-element_type=\"section\" data-settings=\"{&quot;background_background&quot;:&quot;classic&quot;,&quot;shape_divider_bottom&quot;:&quot;opacity-tilt&quot;}\">\n\t\t\t\t\t\t\t<div class=\"elementor-background-overlay\"><\/div>\n\t\t\t\t\t\t<div class=\"elementor-shape elementor-shape-bottom\" data-negative=\"false\">\n\t\t\t<svg xmlns=\"http:\/\/www.w3.org\/2000\/svg\" viewBox=\"0 0 2600 131.1\" preserveAspectRatio=\"none\">\n\t<path class=\"elementor-shape-fill\" d=\"M0 0L2600 0 2600 69.1 0 0z\"\/>\n\t<path class=\"elementor-shape-fill\" style=\"opacity:0.5\" d=\"M0 0L2600 0 2600 69.1 0 69.1z\"\/>\n\t<path class=\"elementor-shape-fill\" style=\"opacity:0.25\" d=\"M2600 0L0 0 0 130.1 2600 69.1z\"\/>\n<\/svg>\t\t<\/div>\n\t\t\t\t\t<div class=\"elementor-container elementor-column-gap-default\">\n\t\t\t\t\t<div class=\"elementor-column elementor-col-100 elementor-top-column elementor-element elementor-element-427fbfe2\" data-id=\"427fbfe2\" data-element_type=\"column\">\n\t\t\t<div class=\"elementor-widget-wrap elementor-element-populated\">\n\t\t\t\t\t\t<div class=\"elementor-element elementor-element-76cd7f26 elementor-widget elementor-widget-heading\" data-id=\"76cd7f26\" data-element_type=\"widget\" data-widget_type=\"heading.default\">\n\t\t\t\t<div class=\"elementor-widget-container\">\n\t\t\t<h2 class=\"elementor-heading-title elementor-size-default\">Planejamento Tribut\u00e1rio<\/h2>\t\t<\/div>\n\t\t\t\t<\/div>\n\t\t\t\t<div class=\"elementor-element elementor-element-7f663a9a elementor-widget-divider--view-line elementor-widget elementor-widget-divider\" data-id=\"7f663a9a\" data-element_type=\"widget\" data-widget_type=\"divider.default\">\n\t\t\t\t<div class=\"elementor-widget-container\">\n\t\t\t<style>\/*! elementor - v3.22.0 - 26-06-2024 *\/\n.elementor-widget-divider{--divider-border-style:none;--divider-border-width:1px;--divider-color:#0c0d0e;--divider-icon-size:20px;--divider-element-spacing:10px;--divider-pattern-height:24px;--divider-pattern-size:20px;--divider-pattern-url:none;--divider-pattern-repeat:repeat-x}.elementor-widget-divider .elementor-divider{display:flex}.elementor-widget-divider .elementor-divider__text{font-size:15px;line-height:1;max-width:95%}.elementor-widget-divider .elementor-divider__element{margin:0 var(--divider-element-spacing);flex-shrink:0}.elementor-widget-divider .elementor-icon{font-size:var(--divider-icon-size)}.elementor-widget-divider .elementor-divider-separator{display:flex;margin:0;direction:ltr}.elementor-widget-divider--view-line_icon .elementor-divider-separator,.elementor-widget-divider--view-line_text .elementor-divider-separator{align-items:center}.elementor-widget-divider--view-line_icon .elementor-divider-separator:after,.elementor-widget-divider--view-line_icon .elementor-divider-separator:before,.elementor-widget-divider--view-line_text .elementor-divider-separator:after,.elementor-widget-divider--view-line_text .elementor-divider-separator:before{display:block;content:\"\";border-block-end:0;flex-grow:1;border-block-start:var(--divider-border-width) var(--divider-border-style) var(--divider-color)}.elementor-widget-divider--element-align-left .elementor-divider .elementor-divider-separator>.elementor-divider__svg:first-of-type{flex-grow:0;flex-shrink:100}.elementor-widget-divider--element-align-left .elementor-divider-separator:before{content:none}.elementor-widget-divider--element-align-left .elementor-divider__element{margin-left:0}.elementor-widget-divider--element-align-right .elementor-divider .elementor-divider-separator>.elementor-divider__svg:last-of-type{flex-grow:0;flex-shrink:100}.elementor-widget-divider--element-align-right .elementor-divider-separator:after{content:none}.elementor-widget-divider--element-align-right .elementor-divider__element{margin-right:0}.elementor-widget-divider--element-align-start .elementor-divider .elementor-divider-separator>.elementor-divider__svg:first-of-type{flex-grow:0;flex-shrink:100}.elementor-widget-divider--element-align-start .elementor-divider-separator:before{content:none}.elementor-widget-divider--element-align-start .elementor-divider__element{margin-inline-start:0}.elementor-widget-divider--element-align-end .elementor-divider .elementor-divider-separator>.elementor-divider__svg:last-of-type{flex-grow:0;flex-shrink:100}.elementor-widget-divider--element-align-end .elementor-divider-separator:after{content:none}.elementor-widget-divider--element-align-end .elementor-divider__element{margin-inline-end:0}.elementor-widget-divider:not(.elementor-widget-divider--view-line_text):not(.elementor-widget-divider--view-line_icon) .elementor-divider-separator{border-block-start:var(--divider-border-width) var(--divider-border-style) var(--divider-color)}.elementor-widget-divider--separator-type-pattern{--divider-border-style:none}.elementor-widget-divider--separator-type-pattern.elementor-widget-divider--view-line .elementor-divider-separator,.elementor-widget-divider--separator-type-pattern:not(.elementor-widget-divider--view-line) .elementor-divider-separator:after,.elementor-widget-divider--separator-type-pattern:not(.elementor-widget-divider--view-line) .elementor-divider-separator:before,.elementor-widget-divider--separator-type-pattern:not([class*=elementor-widget-divider--view]) .elementor-divider-separator{width:100%;min-height:var(--divider-pattern-height);-webkit-mask-size:var(--divider-pattern-size) 100%;mask-size:var(--divider-pattern-size) 100%;-webkit-mask-repeat:var(--divider-pattern-repeat);mask-repeat:var(--divider-pattern-repeat);background-color:var(--divider-color);-webkit-mask-image:var(--divider-pattern-url);mask-image:var(--divider-pattern-url)}.elementor-widget-divider--no-spacing{--divider-pattern-size:auto}.elementor-widget-divider--bg-round{--divider-pattern-repeat:round}.rtl .elementor-widget-divider .elementor-divider__text{direction:rtl}.e-con-inner>.elementor-widget-divider,.e-con>.elementor-widget-divider{width:var(--container-widget-width,100%);--flex-grow:var(--container-widget-flex-grow)}<\/style>\t\t<div class=\"elementor-divider\">\n\t\t\t<span class=\"elementor-divider-separator\">\n\t\t\t\t\t\t<\/span>\n\t\t<\/div>\n\t\t\t\t<\/div>\n\t\t\t\t<\/div>\n\t\t\t\t\t<\/div>\n\t\t<\/div>\n\t\t\t\t\t<\/div>\n\t\t<\/section>\n\t\t\t\t<section class=\"elementor-section elementor-top-section elementor-element elementor-element-42751efa elementor-hidden-desktop elementor-hidden-tablet elementor-hidden-mobile elementor-section-boxed elementor-section-height-default elementor-section-height-default wpr-particle-no wpr-jarallax-no wpr-parallax-no wpr-sticky-section-no\" data-id=\"42751efa\" data-element_type=\"section\">\n\t\t\t\t\t\t<div class=\"elementor-container elementor-column-gap-default\">\n\t\t\t\t\t<div class=\"elementor-column elementor-col-100 elementor-top-column elementor-element elementor-element-70dccf65\" data-id=\"70dccf65\" data-element_type=\"column\">\n\t\t\t<div class=\"elementor-widget-wrap elementor-element-populated\">\n\t\t\t\t\t\t<div class=\"elementor-element elementor-element-2256dd3d elementor-widget elementor-widget-text-editor\" data-id=\"2256dd3d\" data-element_type=\"widget\" data-widget_type=\"text-editor.default\">\n\t\t\t\t<div class=\"elementor-widget-container\">\n\t\t\t\t\t\t\t<p>O planejamento tribut\u00e1rio \u00e9 uma ferramenta fundamental para empresas que desejam minimizar sua carga tribut\u00e1ria de forma legal e estrat\u00e9gica, maximizar seus resultados e alcan\u00e7ar uma efici\u00eancia financeira.<\/p><p>A partir de an\u00e1lise personalizada das opera\u00e7\u00f5es, atividades, documentos fiscais e tributa\u00e7\u00e3o de produtos e servi\u00e7os \u00e9 poss\u00edvel identificar solu\u00e7\u00f5es personalizadas para voc\u00ea ter certeza de que a sua empresa est\u00e1 pagando a menor carga tribut\u00e1ria poss\u00edvel dentro dos limites da lei, levando em considera\u00e7\u00e3o as particularidades do seu neg\u00f3cio.<\/p><p><b>Analisamos cuidadosamente a legisla\u00e7\u00e3o vigente, identificamos oportunidades de economia fiscal e recomendamos a melhor estrutura tribut\u00e1ria para otimizar os resultados financeiros da sua empresa. Al\u00e9m disso, acompanhamos as mudan\u00e7as legislativas e atualizamos constantemente o planejamento tribut\u00e1rio, garantindo conformidade e seguran\u00e7a para o seu neg\u00f3cio.<\/b><\/p>\t\t\t\t\t\t<\/div>\n\t\t\t\t<\/div>\n\t\t\t\t\t<\/div>\n\t\t<\/div>\n\t\t\t\t\t<\/div>\n\t\t<\/section>\n\t\t<div class=\"elementor-element elementor-element-6d7a568f elementor-hidden-desktop elementor-hidden-tablet elementor-hidden-mobile e-flex e-con-boxed wpr-particle-no wpr-jarallax-no wpr-parallax-no wpr-sticky-section-no e-con e-parent\" data-id=\"6d7a568f\" data-element_type=\"container\" data-settings=\"{&quot;background_background&quot;:&quot;classic&quot;,&quot;shape_divider_top&quot;:&quot;opacity-tilt&quot;,&quot;shape_divider_bottom&quot;:&quot;opacity-tilt&quot;}\">\n\t\t\t\t\t<div class=\"e-con-inner\">\n\t\t\t\t<div class=\"elementor-shape elementor-shape-top\" data-negative=\"false\">\n\t\t\t<svg xmlns=\"http:\/\/www.w3.org\/2000\/svg\" viewBox=\"0 0 2600 131.1\" preserveAspectRatio=\"none\">\n\t<path class=\"elementor-shape-fill\" d=\"M0 0L2600 0 2600 69.1 0 0z\"\/>\n\t<path class=\"elementor-shape-fill\" style=\"opacity:0.5\" d=\"M0 0L2600 0 2600 69.1 0 69.1z\"\/>\n\t<path class=\"elementor-shape-fill\" style=\"opacity:0.25\" d=\"M2600 0L0 0 0 130.1 2600 69.1z\"\/>\n<\/svg>\t\t<\/div>\n\t\t\t\t<div class=\"elementor-shape elementor-shape-bottom\" data-negative=\"false\">\n\t\t\t<svg xmlns=\"http:\/\/www.w3.org\/2000\/svg\" viewBox=\"0 0 2600 131.1\" preserveAspectRatio=\"none\">\n\t<path class=\"elementor-shape-fill\" d=\"M0 0L2600 0 2600 69.1 0 0z\"\/>\n\t<path class=\"elementor-shape-fill\" style=\"opacity:0.5\" d=\"M0 0L2600 0 2600 69.1 0 69.1z\"\/>\n\t<path class=\"elementor-shape-fill\" style=\"opacity:0.25\" d=\"M2600 0L0 0 0 130.1 2600 69.1z\"\/>\n<\/svg>\t\t<\/div>\n\t\t<div class=\"elementor-element elementor-element-8d65414 e-con-full e-flex wpr-particle-no wpr-jarallax-no wpr-parallax-no wpr-sticky-section-no e-con e-child\" data-id=\"8d65414\" data-element_type=\"container\">\n\t\t\t\t<div class=\"elementor-element elementor-element-5aceac8 elementor-widget elementor-widget-heading\" data-id=\"5aceac8\" data-element_type=\"widget\" data-widget_type=\"heading.default\">\n\t\t\t\t<div class=\"elementor-widget-container\">\n\t\t\t<h2 class=\"elementor-heading-title elementor-size-default\">Nossos servi\u00e7os de planejamento tribut\u00e1rio incluem:<\/h2>\t\t<\/div>\n\t\t\t\t<\/div>\n\t\t\t\t<div class=\"elementor-element elementor-element-ad8cb0f elementor-widget elementor-widget-text-editor\" data-id=\"ad8cb0f\" data-element_type=\"widget\" data-widget_type=\"text-editor.default\">\n\t\t\t\t<div class=\"elementor-widget-container\">\n\t\t\t\t\t\t\t<p>\u00a0<\/p><ul><li>An\u00e1lise da estrutura atual de impostos e identifica\u00e7\u00e3o de poss\u00edveis otimiza\u00e7\u00f5es.<\/li><li>Avalia\u00e7\u00e3o de regimes tribut\u00e1rios mais favor\u00e1veis, como Simples Nacional, Lucro Real e Lucro Presumido.<\/li><li>Identifica\u00e7\u00e3o de incentivos fiscais e regimes especiais aplic\u00e1veis ao seu setor de atua\u00e7\u00e3o.<\/li><li>Elabora\u00e7\u00e3o de estrat\u00e9gias para redu\u00e7\u00e3o de carga tribut\u00e1ria de forma legal e segura.<\/li><li>Assessoria na implementa\u00e7\u00e3o das medidas de planejamento tribut\u00e1rio e na manuten\u00e7\u00e3o das solu\u00e7\u00f5es aplicadas.<\/li><\/ul>\t\t\t\t\t\t<\/div>\n\t\t\t\t<\/div>\n\t\t\t\t<\/div>\n\t\t\t\t\t<\/div>\n\t\t\t\t<\/div>\n\t\t\t\t<section class=\"elementor-section elementor-top-section elementor-element elementor-element-5441c92d elementor-hidden-desktop elementor-hidden-tablet elementor-hidden-mobile elementor-section-boxed elementor-section-height-default elementor-section-height-default wpr-particle-no wpr-jarallax-no wpr-parallax-no wpr-sticky-section-no\" data-id=\"5441c92d\" data-element_type=\"section\">\n\t\t\t\t\t\t<div class=\"elementor-container elementor-column-gap-default\">\n\t\t\t\t\t<div class=\"elementor-column elementor-col-100 elementor-top-column elementor-element elementor-element-749cada9\" data-id=\"749cada9\" data-element_type=\"column\">\n\t\t\t<div class=\"elementor-widget-wrap elementor-element-populated\">\n\t\t\t\t\t\t<div class=\"elementor-element elementor-element-21d965bd elementor-widget elementor-widget-heading\" data-id=\"21d965bd\" data-element_type=\"widget\" data-widget_type=\"heading.default\">\n\t\t\t\t<div class=\"elementor-widget-container\">\n\t\t\t<h2 class=\"elementor-heading-title elementor-size-default\">Conte com a experi\u00eancia e conhecimento de um Especialista em direito tribut\u00e1rio para desenvolver um planejamento tribut\u00e1rio s\u00f3lido, que contribua para o crescimento e sucesso do seu neg\u00f3cio.<\/h2>\t\t<\/div>\n\t\t\t\t<\/div>\n\t\t\t\t<div class=\"elementor-element elementor-element-794c04c wpr-button-icon-style-inline wpr-button-icon-position-right elementor-widget elementor-widget-wpr-button\" data-id=\"794c04c\" data-element_type=\"widget\" data-widget_type=\"wpr-button.default\">\n\t\t\t\t<div class=\"elementor-widget-container\">\n\t\t\t\t\n\t\t\t\n\t\t\n\t\t<div class=\"wpr-button-wrap elementor-clearfix\">\n\t\t<a class=\"wpr-button wpr-button-effect elementor-animation-pulse-grow\" data-text=\"Go\" href=\"http:\/\/wa.me\/5511947807737\">\n\t\t\t\n\t\t\t<span class=\"wpr-button-content\">\n\t\t\t\t\t\t\t\t\t<span class=\"wpr-button-text\">Clique e saiba mais!<\/span>\n\t\t\t\t\t\t\t\t\n\t\t\t\t\t\t\t\t\t<span class=\"wpr-button-icon\"><i class=\"fab fa-whatsapp\"><\/i><\/span>\n\t\t\t\t\t\t\t<\/span>\n\t\t<\/a>\n\n\t\t\t\t<\/div>\n\t\n\t\n\t\t\t<\/div>\n\t\t\t\t<\/div>\n\t\t\t\t\t<\/div>\n\t\t<\/div>\n\t\t\t\t\t<\/div>\n\t\t<\/section>\n\t\t\t\t<\/div>\n\t\t","protected":false},"excerpt":{"rendered":"<p>Planejamento Tribut\u00e1rio O planejamento tribut\u00e1rio \u00e9 uma ferramenta fundamental para empresas que desejam minimizar sua carga tribut\u00e1ria de forma legal e estrat\u00e9gica, maximizar seus resultados e alcan\u00e7ar uma efici\u00eancia financeira. A partir de an\u00e1lise personalizada das opera\u00e7\u00f5es, atividades, documentos fiscais e tributa\u00e7\u00e3o de produtos e servi\u00e7os \u00e9 poss\u00edvel identificar solu\u00e7\u00f5es personalizadas para voc\u00ea ter certeza de que a sua empresa est\u00e1 pagando a menor carga tribut\u00e1ria poss\u00edvel dentro dos limites da lei, levando em considera\u00e7\u00e3o as particularidades do seu neg\u00f3cio. Analisamos cuidadosamente a legisla\u00e7\u00e3o vigente, identificamos oportunidades de economia fiscal e recomendamos a melhor estrutura tribut\u00e1ria para otimizar os resultados financeiros da sua empresa. Al\u00e9m disso, acompanhamos as mudan\u00e7as legislativas e atualizamos constantemente o planejamento tribut\u00e1rio, garantindo conformidade e seguran\u00e7a para o seu neg\u00f3cio. Nossos servi\u00e7os de planejamento tribut\u00e1rio incluem: An\u00e1lise da estrutura atual de impostos e identifica\u00e7\u00e3o de poss\u00edveis otimiza\u00e7\u00f5es. Avalia\u00e7\u00e3o de regimes tribut\u00e1rios mais favor\u00e1veis, como Simples Nacional, Lucro Real e Lucro Presumido. Identifica\u00e7\u00e3o de incentivos fiscais e regimes especiais aplic\u00e1veis ao seu setor de atua\u00e7\u00e3o. Elabora\u00e7\u00e3o de estrat\u00e9gias para redu\u00e7\u00e3o de carga tribut\u00e1ria de forma legal e segura. Assessoria na implementa\u00e7\u00e3o das medidas de planejamento tribut\u00e1rio e na manuten\u00e7\u00e3o das solu\u00e7\u00f5es aplicadas. Conte com a experi\u00eancia e conhecimento de um Especialista em direito tribut\u00e1rio para desenvolver um planejamento tribut\u00e1rio s\u00f3lido, que contribua para o crescimento e sucesso do seu neg\u00f3cio. Clique aqui e saiba mais! Planejamento Tribut\u00e1rio O planejamento tribut\u00e1rio \u00e9 uma ferramenta fundamental para empresas que desejam minimizar sua carga tribut\u00e1ria de forma legal e estrat\u00e9gica, maximizar seus resultados e alcan\u00e7ar uma efici\u00eancia financeira. A partir de an\u00e1lise personalizada das opera\u00e7\u00f5es, atividades, documentos fiscais e tributa\u00e7\u00e3o de produtos e servi\u00e7os \u00e9 poss\u00edvel identificar solu\u00e7\u00f5es personalizadas para voc\u00ea ter certeza de que a sua empresa est\u00e1 pagando a menor carga tribut\u00e1ria poss\u00edvel dentro dos limites da lei, levando em considera\u00e7\u00e3o as particularidades do seu neg\u00f3cio. Analisamos cuidadosamente a legisla\u00e7\u00e3o vigente, identificamos oportunidades de economia fiscal e recomendamos a melhor estrutura tribut\u00e1ria para otimizar os resultados financeiros da sua empresa. Al\u00e9m disso, acompanhamos as mudan\u00e7as legislativas e atualizamos constantemente o planejamento tribut\u00e1rio, garantindo conformidade e seguran\u00e7a para o seu neg\u00f3cio. Nossos servi\u00e7os de planejamento tribut\u00e1rio incluem: \u00a0 An\u00e1lise da estrutura atual de impostos e identifica\u00e7\u00e3o de poss\u00edveis otimiza\u00e7\u00f5es. Avalia\u00e7\u00e3o de regimes tribut\u00e1rios mais favor\u00e1veis, como Simples Nacional, Lucro Real e Lucro Presumido. Identifica\u00e7\u00e3o de incentivos fiscais e regimes especiais aplic\u00e1veis ao seu setor de atua\u00e7\u00e3o. Elabora\u00e7\u00e3o de estrat\u00e9gias para redu\u00e7\u00e3o de carga tribut\u00e1ria de forma legal e segura. Assessoria na implementa\u00e7\u00e3o das medidas de planejamento tribut\u00e1rio e na manuten\u00e7\u00e3o das solu\u00e7\u00f5es aplicadas. Conte com a experi\u00eancia e conhecimento de um Especialista em direito tribut\u00e1rio para desenvolver um planejamento tribut\u00e1rio s\u00f3lido, que contribua para o crescimento e sucesso do seu neg\u00f3cio. Clique e saiba mais!<\/p>\n","protected":false},"author":1,"featured_media":0,"parent":0,"menu_order":0,"comment_status":"closed","ping_status":"closed","template":"","meta":{"_joinchat":[]},"_links":{"self":[{"href":"https:\/\/josianefalco.com\/index.php\/wp-json\/wp\/v2\/pages\/801"}],"collection":[{"href":"https:\/\/josianefalco.com\/index.php\/wp-json\/wp\/v2\/pages"}],"about":[{"href":"https:\/\/josianefalco.com\/index.php\/wp-json\/wp\/v2\/types\/page"}],"author":[{"embeddable":true,"href":"https:\/\/josianefalco.com\/index.php\/wp-json\/wp\/v2\/users\/1"}],"replies":[{"embeddable":true,"href":"https:\/\/josianefalco.com\/index.php\/wp-json\/wp\/v2\/comments?post=801"}],"version-history":[{"count":30,"href":"https:\/\/josianefalco.com\/index.php\/wp-json\/wp\/v2\/pages\/801\/revisions"}],"predecessor-version":[{"id":1082,"href":"https:\/\/josianefalco.com\/index.php\/wp-json\/wp\/v2\/pages\/801\/revisions\/1082"}],"wp:attachment":[{"href":"https:\/\/josianefalco.com\/index.php\/wp-json\/wp\/v2\/media?parent=801"}],"curies":[{"name":"wp","href":"https:\/\/api.w.org\/{rel}","templated":true}]}}